{"id":1781,"date":"2018-05-28T17:15:54","date_gmt":"2018-05-28T17:15:54","guid":{"rendered":"http:\/\/gruene-kreistagsfraktion-aurich.de\/?page_id=1781"},"modified":"2024-05-30T11:06:34","modified_gmt":"2024-05-30T11:06:34","slug":"datenschutzerklaerung","status":"publish","type":"page","link":"https:\/\/gruene-kreistagsfraktion-aurich.de\/?page_id=1781","title":{"rendered":"Datenschutz"},"content":{"rendered":"<p><strong>Datenschutzerkl\u00e4rung<\/strong><\/p>\n<p>Personenbezogene Daten (nachfolgend zumeist nur \u201eDaten\u201c genannt) werden von uns nur im Rahmen der Erforderlichkeit sowie zum Zwecke der Bereitstellung eines funktionsf\u00e4higen und nutzerfreundlichen Internetauftritts, inklusive seiner Inhalte und der dort angebotenen Leistungen, verarbeitet.<br \/>\nGem\u00e4\u00df Art. 4 Ziffer 1. der Verordnung (EU) 2016\/679, also der Datenschutz-Grundverordnung (nachfolgend nur \u201eDSGVO\u201c genannt), gilt als \u201eVerarbeitung\u201c jeder mit oder ohne Hilfe automatisierter Verfahren ausgef\u00fchrter Vorgang oder jede solche Vorgangsreihe im Zusammenhang mit personenbezogenen Daten, wie das Erheben, das Erfassen, die Organisation, das Ordnen, die Speicherung, die Anpassung oder Ver\u00e4nderung, das Auslesen, das Abfragen, die Verwendung, die Offenlegung durch \u00dcbermittlung, Verbreitung oder eine andere Form der Bereitstellung, den Abgleich oder die Verkn\u00fcpfung, die Einschr\u00e4nkung, das L\u00f6schen oder die Vernichtung.<\/p>\n<p>Mit der nachfolgenden Datenschutzerkl\u00e4rung informieren wir Dich insbesondere \u00fcber Art, Umfang, Zweck, Dauer und Rechtsgrundlage der Verarbeitung personenbezogener Daten, soweit wir entweder allein oder gemeinsam mit anderen \u00fcber die Zwecke und Mittel der Verarbeitung entscheiden. Zudem informieren wir nachfolgend \u00fcber die von uns zu Optimierungszwecken sowie zur Steigerung der Nutzungsqualit\u00e4t eingesetzten Fremdkomponenten, soweit hierdurch Dritte Daten in wiederum eigener Verantwortung verarbeiten.<\/p>\n<p><strong>Unsere Datenschutzerkl\u00e4rung ist wie folgt gegliedert:<\/strong><br \/>\nI. Informationen \u00fcber uns als Verantwortliche<br \/>\nII. Rechte der Nutzer und Betroffenen<br \/>\nIII. Informationen zur Datenverarbeitung<\/p>\n<p><strong>I. Informationen \u00fcber uns als Verantwortliche<\/strong><\/p>\n<p>Verantwortlicher Anbieter dieses Internetauftritts im datenschutzrechtlichen Sinne ist:<br \/>\nFraktion von B\u00fcndnis 90\/Die Gr\u00fcnen<br \/>\nim Kreistag des Landkreises Aurich<br \/>\nGila Altmann, Gunnar Ott (Vorsitzende)<br \/>\nFischteichweg 7 &#8211; 13<br \/>\n26603 Aurich<br \/>\nTelefon 1:<br \/>\nTelefon 2: 0159 0313 4158<br \/>\nE-Mail: fraktion (a) gruene-kreistag-aurich.de<\/p>\n<p>Da f\u00fcr die Fraktion die Bestellung eines Datenschutzbeauftragten nicht gesetzlich vorgeschrieben ist, wird der Datenschutz durch die Fraktionsvorsitzenden sichergestellt.<\/p>\n<p><strong>II. Rechte der Nutzer und Betroffenen<\/strong><\/p>\n<p>Mit Blick auf die nachfolgend noch n\u00e4her beschriebene Datenverarbeitung haben die Nutzer und Betroffenen das Recht<br \/>\n&#8211;\u00a0\u00a0\u00a0 auf Best\u00e4tigung, ob sie betreffende Daten verarbeitet werden, auf Auskunft \u00fcber die verarbeiteten Daten, auf weitere Informationen \u00fcber die Datenverarbeitung sowie auf Kopien der Daten (vgl. auch Art. 15 DSGVO);<br \/>\n&#8211;\u00a0\u00a0 auf Berichtigung oder Vervollst\u00e4ndigung unrichtiger bzw. unvollst\u00e4ndiger Daten (vgl. auch Art. 16 DSGVO);<br \/>\n&#8211;\u00a0\u00a0\u00a0 auf unverz\u00fcgliche L\u00f6schung der sie betreffenden Daten (vgl. auch Art. 17 DSGVO), oder, alternativ, soweit eine weitere Verarbeitung gem\u00e4\u00df Art. 17 Abs. 3 DSGVO erforderlich ist, auf Einschr\u00e4nkung der Verarbeitung nach Ma\u00dfgabe von Art. 18 DSGVO;<br \/>\n&#8211;\u00a0\u00a0\u00a0 auf Erhalt der sie betreffenden und von ihnen bereitgestellten Daten und auf \u00dcbermittlung dieser Daten an andere Anbieter\/Verantwortliche (vgl. auch Art. 20 DSGVO);<br \/>\n&#8211;\u00a0\u00a0\u00a0 auf Beschwerde gegen\u00fcber der Aufsichtsbeh\u00f6rde, sofern sie der Ansicht sind, dass die sie betreffenden Daten durch den Anbieter unter Versto\u00df gegen datenschutzrechtliche Bestimmungen verarbeitet werden (vgl. auch Art. 77 DSGVO).<\/p>\n<p>Dar\u00fcber hinaus ist der Anbieter dazu verpflichtet, alle Empf\u00e4nger, denen gegen\u00fcber Daten durch den Anbieter offengelegt worden sind, \u00fcber jedwede Berichtigung oder L\u00f6schung von Daten oder die Einschr\u00e4nkung der Verarbeitung, die aufgrund der Artikel 16, 17 Abs. 1, 18 DSGVO erfolgt, zu unterrichten. Diese Verpflichtung besteht jedoch nicht, soweit diese Mitteilung unm\u00f6glich oder mit einem unverh\u00e4ltnism\u00e4\u00dfigen Aufwand verbunden ist. Unbeschadet dessen hat der Nutzer ein Recht auf Auskunft \u00fcber diese Empf\u00e4nger.<\/p>\n<p>Ebenfalls haben die Nutzer und Betroffenen nach Art. 21 DSGVO das Recht auf Widerspruch gegen die k\u00fcnftige Verarbeitung der sie betreffenden Daten, sofern die Daten durch den Anbieter nach Ma\u00dfgabe von Art. 6 Abs. 1 lit. f) DSGVO verarbeitet werden. Insbesondere ist ein Widerspruch gegen die Datenverarbeitung zum Zwecke der Direktwerbung statthaft.<\/p>\n<p><strong>III. Informationen zur Datenverarbeitung<\/strong><\/p>\n<p>Deine bei Nutzung unseres Internetauftritts verarbeiteten Daten werden gel\u00f6scht oder gesperrt, sobald der Zweck der Speicherung entf\u00e4llt, der L\u00f6schung der Daten keine gesetzlichen Aufbewahrungspflichten entgegenstehen und nachfolgend keine anderslautenden Angaben zu einzelnen Verarbeitungsverfahren gemacht werden.<\/p>\n<p><strong>Serverdaten<\/strong><br \/>\nAus technischen Gr\u00fcnden, insbesondere zur Gew\u00e4hrleistung eines sicheren und stabilen Internetauftritts, werden Daten durch Deinen Internet-Browser an uns bzw. an unseren Webspace-Provider \u00fcbermittelt. Mit diesen sog. Server-Logfiles werden u.a. Typ und Version Ihres Internetbrowsers, das Betriebssystem, die Website, von der aus Du auf unseren Internetauftritt gewechselt haben (Referrer URL), die Website(s) unseres Internetauftritts, die Du besuchst, Datum und Uhrzeit des jeweiligen Zugriffs sowie die IP-Adresse des Internetanschlusses, von dem aus die Nutzung unseres Internetauftritts erfolgt, erhoben.<\/p>\n<p>Diese so erhobenen Daten werden vorr\u00fcbergehend gespeichert, dies jedoch nicht gemeinsam mit anderen Daten von Dir. Diese Speicherung erfolgt auf der Rechtsgrundlage von Art. 6 Abs. 1 lit. f) DSGVO. Unser berechtigtes Interesse liegt in der Verbesserung, Stabilit\u00e4t, Funktionalit\u00e4t und Sicherheit unseres Internetauftritts. Die Daten werden sp\u00e4testens nach sieben Tage wieder gel\u00f6scht, soweit keine weitere Aufbewahrung zu Beweiszwecken erforderlich ist. Andernfalls sind die Daten bis zur endg\u00fcltigen Kl\u00e4rung eines Vorfalls ganz oder teilweise von der L\u00f6schung ausgenommen.<\/p>\n<p><strong>Cookies<br \/>\n<\/strong><\/p>\n<p>a) Sitzungs-Cookies\/Session-Cookies<br \/>\nWir verwenden mit unserem Internetauftritt sog. Cookies. Cookies sind kleine Textdateien oder andere Speichertechnologien, die durch den von Dir eingesetzten Internet-Browser auf Deinem Endger\u00e4t ablegt und gespeichert werden. Durch diese Cookies werden im individuellen Umfang bestimmte Informationen von Dir, wie beispielsweise Deine Browser- oder Standortdaten oder Deine IP-Adresse, verarbeitet.<br \/>\nDurch diese Verarbeitung wird unser Internetauftritt benutzerfreundlicher, effektiver und sicherer. Rechtsgrundlage dieser Verarbeitung ist Art. 6 Abs. 1 lit. f) DSGVO, da unser berechtigtes Interesse in der Verbesserung der Funktionalit\u00e4t unseres Internetauftritts liegt.<br \/>\nMit Schlie\u00dfen Deines Internet-Browsers werden diese Session-Cookies gel\u00f6scht.<\/p>\n<p>b) Drittanbieter-Cookies<br \/>\nGegebenenfalls werden mit unserem Internetauftritt auch Cookies von Partnerunternehmen, mit denen wir zum Zwecke der Information, der Analyse oder der Funktionalit\u00e4ten unseres Internetauftritts zusammenarbeiten, verwendet. Die Einzelheiten hierzu, insbesondere zu den Zwecken und den Rechtsgrundlagen der Verarbeitung solcher Drittanbieter-Cookies, entnehme bitte den nachfolgenden Informationen.<\/p>\n<p>c) Beseitigungsm\u00f6glichkeit<br \/>\nDu kannst die Installation der Cookies durch eine Einstellung Deines Internet-Browsers verhindern oder einschr\u00e4nken. Ebenfalls k\u00f6nnen bereits gespeicherte Cookies jederzeit gel\u00f6scht werden. Die hierf\u00fcr erforderlichen Schritte und Ma\u00dfnahmen h\u00e4ngen jedoch von Deinem konkret genutzten Internet-Browser ab. Bei Fragen benutze daher bitte die Hilfefunktion oder Dokumentation Deines Internet-Browsers oder wende Dich an dessen Hersteller bzw. Support. Bei sog. Flash-Cookies kann die Verarbeitung allerdings nicht \u00fcber die Einstellungen des Browsers unterbunden werden. Stattdessen musst Du insoweit die Einstellung Deines Flash-Players \u00e4ndern. Auch die hierf\u00fcr erforderlichen Schritte und Ma\u00dfnahmen h\u00e4ngen von Deinem konkret genutzten Flash-Player ab. Bei Fragen benutze daher bitte ebenso die Hilfefunktion oder Dokumentation Deines Flash-Players oder wende Dich an den Hersteller bzw. Benutzer-Support.<\/p>\n<p>Solltest Du die Installation der Cookies verhindern oder einschr\u00e4nken, kann dies allerdings dazu f\u00fchren, dass nicht s\u00e4mtliche Funktionen unseres Internetauftritts vollumf\u00e4nglich nutzbar sind.<\/p>\n<p><strong>Nutzer*innenkonto \/ Registrierungsfunktion<\/strong><br \/>\nFalls Du \u00fcber unseren Internetauftritt ein Nutzer*innenkonto bei uns anlegst, werden wir die von Dir bei der Registrierung eingegebenen Daten (also bspw. Namen, Anschrift oder E-Mail-Adresse) ausschlie\u00dflich f\u00fcr die Nutzung der Kommentarfunktionen erheben und speichern. Gleichzeitig speichern wir dann die IP-Adresse und das Datum Deiner Registrierung nebst Uhrzeit. Eine Weitergabe dieser Daten an Dritte erfolgt nat\u00fcrlich nicht.<br \/>\nIm Rahmen des weiteren Anmeldevorgangs wird Deine Einwilligung in diese Verarbeitung eingeholt und auf diese Datenschutzerkl\u00e4rung verwiesen. Die dabei von uns erhobenen Daten werden ausschlie\u00dflich f\u00fcr die Zurverf\u00fcgungstellung des Nutzer*innenkontos verwendet.<br \/>\nSoweit Du in diese Verarbeitung einwilligst, ist Art. 6 Abs. 1 lit. a) DSGVO Rechtsgrundlage f\u00fcr die Verarbeitung. Die uns erteilte Einwilligung in die Er\u00f6ffnung eines Nutzer*innenkontos kannst Du gem\u00e4\u00df Art. 7 Abs. 3 DSGVO jederzeit mit Wirkung f\u00fcr die Zukunft widerrufen. Hierzu musst Du uns lediglich \u00fcber Deinen Widerruf in Kenntnis setzen. Die insoweit erhobenen Daten werden gel\u00f6scht, sobald die Verarbeitung nicht mehr erforderlich ist. Hierbei m\u00fcssen wir aber ggf. rechtliche Aufbewahrungsfristen beachten.<\/p>\n<p><strong>Kontaktanfragen \/ Kontaktm\u00f6glichkeit<\/strong><br \/>\nSofern Du per Kontaktformular oder E-Mail mit uns in Kontakt trittst, werden die dabei von Dir angegebenen Daten zur Bearbeitung Deiner Anfrage genutzt. Die Angabe der Daten ist zur Bearbeitung und Beantwortung der Anfrage erforderlich &#8211; ohne deren Bereitstellung k\u00f6nnen wir Deine Anfrage nicht oder allenfalls eingeschr\u00e4nkt beantworten. Rechtsgrundlage f\u00fcr diese Verarbeitung ist Art. 6 Abs. 1 lit. b) DSGVO.<br \/>\nDeine Daten werden gel\u00f6scht, sofern Deine Anfrage abschlie\u00dfend beantwortet worden ist und der L\u00f6schung keine gesetzlichen Aufbewahrungspflichten entgegenstehen.<\/p>\n<p><strong>Nutzer*innenbeitr\u00e4ge, Kommentare und Bewertungen<\/strong><br \/>\nWir bieten Dir an, auf unseren Internetseiten Fragen, Antworten, Meinungen oder Bewertungen, nachfolgend nur \u201eBeitr\u00e4ge genannt, zu ver\u00f6ffentlichen. Sofern Du dieses Angebot in Anspruch nimmst, verarbeiten und ver\u00f6ffentlichen wir Deinen Beitrag, Datum und Uhrzeit der Einreichung sowie das von Dir ggf. genutzte Pseudonym. Rechtsgrundlage hierbei ist Art. 6 Abs. 1 lit. a) DSGVO. Die Einwilligung kannst Du gem\u00e4\u00df Art. 7 Abs. 3 DSGVO jederzeit mit Wirkung f\u00fcr die Zukunft widerrufen. Hierzu musst Du uns lediglich \u00fcber Deinen Widerruf in Kenntnis setzen.<br \/>\nDar\u00fcber hinaus verarbeiten wir auch Deine IP- und E-Mail-Adresse. Die IP-Adresse wird verarbeitet, weil wir ein berechtigtes Interesse daran haben, weitere Schritte einzuleiten oder zu unterst\u00fctzen, sofern Dein Beitrag in Rechte Dritter eingreift und\/oder er sonst wie rechtswidrig erfolgt. Rechtsgrundlage ist in diesem Fall Art. 6 Abs. 1 lit. f) DSGVO. Unser berechtigtes Interesse liegt in der ggf. notwendigen Rechtsverteidigung.<\/p>\n<p><strong>Abonnement von Beitr\u00e4gen<\/strong><br \/>\nSofern Du Beitr\u00e4ge auf unseren Internetseiten ver\u00f6ffentlichst, bieten wir Dir zus\u00e4tzlich an, etwaige Folgebeitr\u00e4ge Dritter zu abonnieren. Um Dich \u00fcber diese Folgebeitr\u00e4ge per E-Mail informieren zu k\u00f6nnen, verarbeiten wir Deine E-Mail-Adresse. Rechtsgrundlage hierbei ist Art. 6 Abs. 1 lit. a) DSGVO. Die Einwilligung in dieses Abonnement kannst Du gem\u00e4\u00df Art. 7 Abs. 3 DSGVO jederzeit mit Wirkung f\u00fcr die Zukunft widerrufen. Hierzu musst Du uns lediglich \u00fcber Deinen Widerruf in Kenntnis setzen oder den in der jeweiligen E-Mail enthaltenen Abmeldelink bet\u00e4tigen.<\/p>\n<p><strong>\u201eFacebook\u201c-Social-Plug-in<\/strong><br \/>\nIn unserem Internetauftritt setzen wir das Plug-in des Social-Networks Facebook ein. Bei Facebook handelt es sich um einen Internetservice der facebook Inc., 1601 S. California Ave, Palo Alto, CA 94304, USA. In der EU wird dieser Service wiederum von der Facebook Ireland Limited, 4 Grand Canal Square, Dublin 2, Irland, betrieben, nachfolgend beide nur \u201eFacebook\u201c genannt. Durch die Zertifizierung nach dem EU-US-Datenschutzschild (\u201eEU-US Privacy Shield\u201c) <strong>https:\/\/www.privacyshield.gov\/participant?id=a2zt0000000GnywAAC&amp;status=Active<\/strong><br \/>\ngarantiert Facebook, dass die Datenschutzvorgaben der EU auch bei der Verarbeitung von Daten in den USA eingehalten werden.<br \/>\nRechtsgrundlage ist Art. 6 Abs. 1 lit. f) DSGVO. Unser berechtigtes Interesse liegt in der Qualit\u00e4tsverbesserung unseres Internetauftritts.<br \/>\nWeitergehende Informationen \u00fcber die m\u00f6glichen Plug-ins sowie \u00fcber deren jeweilige Funktionen h\u00e4lt Facebook unter<br \/>\n<strong>https:\/\/developers.facebook.com\/docs\/plugins\/<\/strong>\u00a0 f\u00fcr Dich bereit.<\/p>\n<p>Sofern das Plug-in auf einer der von Dir besuchten Seiten unseres Internetauftritts hinterlegt ist, l\u00e4dt Dein Internet-Browser eine Darstellung des Plug-ins von den Servern von Facebook in den USA herunter. Aus technischen Gr\u00fcnden ist es dabei notwendig, dass Facebook Deine IP-Adresse verarbeitet. Daneben werden aber auch Datum und Uhrzeit des Besuchs unserer Internetseiten erfasst.<\/p>\n<p>Solltest Du bei Facebook eingeloggt sein, w\u00e4hrend Du eine unserer mit dem Plug-in versehenen Internetseite besuchst, werden die durch das Plug-in gesammelten Informationen des konkreten Besuchs von Facebook erkannt. Die so gesammelten Informationen weist Facebook wom\u00f6glich Deinem dortigen pers\u00f6nlichen Nutzerkonto zu. Sofern Du also bspw. den sog. \u201eGef\u00e4llt mir\u201c-Button von Facebook benutzt, werden diese Informationen in Deinem Facebook-Nutzerkonto gespeichert und ggf. \u00fcber die Plattform von Facebook ver\u00f6ffentlicht. Wenn Du das verhindern m\u00f6chtest, musst Du Dich entweder vor dem Besuch unseres Internetauftritts bei Facebook ausloggen oder durch den Einsatz eines Add-ons f\u00fcr Deinen Internetbrowser verhindern, dass das Facebook-Plug-in geladen wird.<\/p>\n<p>Weitergehende Informationen \u00fcber die Erhebung und Nutzung von Daten sowie Deine diesbez\u00fcglichen Rechte und Schutzm\u00f6glichkeiten h\u00e4lt Facebook in den unter <strong>https:\/\/www.facebook.com\/policy.php <\/strong>abrufbaren Datenschutzhinweisen bereit.<\/p>\n<p><strong>\u201eTwitter\u201c-Social-Plug-in<\/strong><br \/>\nIn unserem Internetauftritt setzen wir das Plug-in des Social-Networks Twitter ein. Bei Twitter handelt es sich um einen Internetservice der Twitter Inc., 795 Folsom St., Suite 600, San Francisco, CA 94107, USA, nachfolgend nur \u201eTwitter\u201c genannt. Durch die Zertifizierung nach dem EU-US-Datenschutzschild (\u201eEU-US Privacy Shield\u201c) <strong>https:\/\/www.privacyshield.gov\/participant?id=a2zt0000000TORzAAO&amp;status=Active<\/strong><br \/>\ngarantiert Twitter, dass die Datenschutzvorgaben der EU auch bei der Verarbeitung von Daten in den USA eingehalten werden. Rechtsgrundlage ist Art. 6 Abs. 1 lit. f) DSGVO. Unser berechtigtes Interesse liegt in der Qualit\u00e4tsverbesserung unseres Internetauftritts.<\/p>\n<p>Sofern das Plug-in auf einer der von Dir besuchten Seiten unseres Internetauftritts hinterlegt ist, l\u00e4dt Dein Internet-Browser eine Darstellung des Plug-ins von den Servern von Twitter in den USA herunter. Aus technischen Gr\u00fcnden ist es dabei notwendig, dass Twitter Deine IP-Adresse verarbeitet. Daneben werden aber auch Datum und Uhrzeit des Besuchs unserer Internetseiten erfasst.<\/p>\n<p>Solltest Du bei Twitter eingeloggt sein, w\u00e4hrend Du eine unserer mit dem Plug-in versehenen Internetseite besuchst, werden die durch das Plug-in gesammelten Informationen Deines konkreten Besuchs von Twitter erkannt. Die so gesammelten Informationen weist Twitter wom\u00f6glich Deinem dortigen pers\u00f6nlichen Nutzerkonto zu. Sofern Du also bspw. den sog. \u201eTeilen\u201c-Button von Twitter benutzt, werden diese Informationen in Deinem Twitter-Nutzerkonto gespeichert und ggf. \u00fcber die Plattform von Twitter ver\u00f6ffentlicht. Wenn Du das verhindern m\u00f6chtest, musst Du Dich entweder vor dem Besuch unseres Internetauftritts bei Twitter ausloggen oder die entsprechenden Einstellungen in Deinem Twitter-Benutzerkonto vornehmen.<\/p>\n<p>Weitergehende Informationen \u00fcber die Erhebung und Nutzung von Daten sowie Deine diesbez\u00fcglichen Rechte und Schutzm\u00f6glichkeiten h\u00e4lt Twitter in den unter <strong>https:\/\/twitter.com\/privacy <\/strong>abrufbaren Datenschutzhinweisen bereit.<\/p>\n<p><a href=\"https:\/\/www.ratgeberrecht.eu\/leistungen\/muster-datenschutzerklaerung.html\" target=\"_blank\" rel=\"noopener noreferrer\">Muster-Datenschutzerkl\u00e4rung<\/a> der <a href=\"https:\/\/www.ratgeberrecht.eu\/\" target=\"_blank\" rel=\"noopener noreferrer\">Anwaltskanzlei Wei\u00df &amp; Partner<\/a><\/p>\n","protected":false},"excerpt":{"rendered":"<p>Datenschutzerkl\u00e4rung Personenbezogene Daten (nachfolgend zumeist nur \u201eDaten\u201c genannt) werden von uns nur im Rahmen der Erforderlichkeit sowie zum Zwecke der Bereitstellung eines funktionsf\u00e4higen und nutzerfreundlichen Internetauftritts, inklusive seiner Inhalte und&#8230; <\/p>\n","protected":false},"author":3,"featured_media":0,"parent":0,"menu_order":0,"comment_status":"closed","ping_status":"closed","template":"","meta":{"footnotes":""},"class_list":["post-1781","page","type-page","status-publish","hentry"],"_links":{"self":[{"href":"https:\/\/gruene-kreistagsfraktion-aurich.de\/index.php?rest_route=\/wp\/v2\/pages\/1781","targetHints":{"allow":["GET"]}}],"collection":[{"href":"https:\/\/gruene-kreistagsfraktion-aurich.de\/index.php?rest_route=\/wp\/v2\/pages"}],"about":[{"href":"https:\/\/gruene-kreistagsfraktion-aurich.de\/index.php?rest_route=\/wp\/v2\/types\/page"}],"author":[{"embeddable":true,"href":"https:\/\/gruene-kreistagsfraktion-aurich.de\/index.php?rest_route=\/wp\/v2\/users\/3"}],"replies":[{"embeddable":true,"href":"https:\/\/gruene-kreistagsfraktion-aurich.de\/index.php?rest_route=%2Fwp%2Fv2%2Fcomments&post=1781"}],"version-history":[{"count":10,"href":"https:\/\/gruene-kreistagsfraktion-aurich.de\/index.php?rest_route=\/wp\/v2\/pages\/1781\/revisions"}],"predecessor-version":[{"id":2331,"href":"https:\/\/gruene-kreistagsfraktion-aurich.de\/index.php?rest_route=\/wp\/v2\/pages\/1781\/revisions\/2331"}],"wp:attachment":[{"href":"https:\/\/gruene-kreistagsfraktion-aurich.de\/index.php?rest_route=%2Fwp%2Fv2%2Fmedia&parent=1781"}],"curies":[{"name":"wp","href":"https:\/\/api.w.org\/{rel}","templated":true}]}}